{"id":6242,"date":"2022-03-18T11:03:44","date_gmt":"2022-03-18T10:03:44","guid":{"rendered":"https:\/\/www.fh-group.dk\/?page_id=6242"},"modified":"2022-03-18T11:03:44","modified_gmt":"2022-03-18T10:03:44","slug":"still","status":"publish","type":"page","link":"http:\/\/villacollectiondesign.azurewebsites.net\/de\/marken\/still\/","title":{"rendered":"Still"},"content":{"rendered":"[vc_row type=&#8220;full_width_background&#8220; full_screen_row_position=&#8220;middle&#8220; column_margin=&#8220;none&#8220; column_direction=&#8220;default&#8220; column_direction_tablet=&#8220;default&#8220; column_direction_phone=&#8220;default&#8220; bg_color=&#8220;#ffffff&#8220; bg_image=&#8220;6061&#8243; bg_position=&#8220;left bottom&#8220; background_image_loading=&#8220;default&#8220; bg_repeat=&#8220;no-repeat&#8220; scene_position=&#8220;center&#8220; top_padding=&#8220;10%&#8220; bottom_padding=&#8220;10%&#8220; top_padding_tablet=&#8220;30%&#8220; constrain_group_3=&#8220;yes&#8220; bottom_padding_tablet=&#8220;30%&#8220; top_padding_phone=&#8220;40%&#8220; constrain_group_5=&#8220;yes&#8220; bottom_padding_phone=&#8220;40%&#8220; text_color=&#8220;custom&#8220; text_align=&#8220;left&#8220; row_border_radius=&#8220;none&#8220; row_border_radius_applies=&#8220;bg&#8220; enable_gradient=&#8220;true&#8220; overlay_strength=&#8220;0.5&#8243; gradient_direction=&#8220;top_to_bottom&#8220; shape_divider_color=&#8220;#ffffff&#8220; shape_divider_position=&#8220;bottom&#8220; shape_divider_height=&#8220;45%&#8220; bg_image_animation=&#8220;zoom-out&#8220; parallax_bg=&#8220;true&#8220; parallax_bg_speed=&#8220;fast&#8220; shape_type=&#8220;straight_section&#8220;][vc_column column_padding=&#8220;no-extra-padding&#8220; column_padding_tablet=&#8220;inherit&#8220; column_padding_phone=&#8220;inherit&#8220; column_padding_position=&#8220;all&#8220; column_element_spacing=&#8220;0px&#8220; background_color_opacity=&#8220;1&#8243; background_hover_color_opacity=&#8220;1&#8243; column_shadow=&#8220;none&#8220; column_border_radius=&#8220;none&#8220; column_link_target=&#8220;_self&#8220; gradient_direction=&#8220;radial&#8220; overlay_strength=&#8220;0.3&#8243; width=&#8220;1\/1&#8243; tablet_width_inherit=&#8220;default&#8220; tablet_text_alignment=&#8220;default&#8220; phone_text_alignment=&#8220;center&#8220; bg_image_animation=&#8220;zoom-out-reveal&#8220; parallax_bg=&#8220;true&#8220; parallax_bg_speed=&#8220;fast&#8220; border_type=&#8220;simple&#8220; column_border_width=&#8220;none&#8220; column_border_style=&#8220;solid&#8220;][vc_row_inner column_margin=&#8220;default&#8220; column_direction=&#8220;default&#8220; column_direction_tablet=&#8220;default&#8220; column_direction_phone=&#8220;default&#8220; text_align=&#8220;left&#8220; zindex=&#8220;20&#8243;][vc_column_inner column_padding=&#8220;no-extra-padding&#8220; column_padding_tablet=&#8220;inherit&#8220; column_padding_phone=&#8220;inherit&#8220; column_padding_position=&#8220;all&#8220; column_element_spacing=&#8220;0px&#8220; background_color_opacity=&#8220;1&#8243; background_hover_color_opacity=&#8220;1&#8243; font_color=&#8220;#ffffff&#8220; column_shadow=&#8220;none&#8220; column_border_radius=&#8220;none&#8220; column_link_target=&#8220;_self&#8220; gradient_direction=&#8220;left_to_right&#8220; overlay_strength=&#8220;0.3&#8243; width=&#8220;1\/1&#8243; tablet_width_inherit=&#8220;default&#8220; bg_image_animation=&#8220;none&#8220; border_type=&#8220;simple&#8220; column_border_width=&#8220;none&#8220; column_border_style=&#8220;solid&#8220;][vc_custom_heading text=&#8220;Still&#8220; font_container=&#8220;tag:h1|text_align:left|color:%23ffffff&#8220; use_theme_fonts=&#8220;yes&#8220;][\/vc_column_inner][\/vc_row_inner][\/vc_column][\/vc_row][vc_row type=&#8220;in_container&#8220; full_screen_row_position=&#8220;middle&#8220; column_margin=&#8220;default&#8220; column_direction=&#8220;default&#8220; column_direction_tablet=&#8220;default&#8220; column_direction_phone=&#8220;default&#8220; scene_position=&#8220;center&#8220; top_padding=&#8220;6%&#8220; bottom_padding=&#8220;3%&#8220; text_color=&#8220;dark&#8220; text_align=&#8220;left&#8220; row_border_radius=&#8220;none&#8220; row_border_radius_applies=&#8220;bg&#8220; overlay_strength=&#8220;0.3&#8243; gradient_direction=&#8220;left_to_right&#8220; shape_divider_position=&#8220;bottom&#8220; bg_image_animation=&#8220;none&#8220; shape_type=&#8220;&#8220;][vc_column column_padding=&#8220;no-extra-padding&#8220; column_padding_tablet=&#8220;inherit&#8220; column_padding_phone=&#8220;inherit&#8220; column_padding_position=&#8220;all&#8220; column_element_spacing=&#8220;default&#8220; background_color_opacity=&#8220;1&#8243; background_hover_color_opacity=&#8220;1&#8243; column_shadow=&#8220;none&#8220; column_border_radius=&#8220;none&#8220; column_link_target=&#8220;_self&#8220; gradient_direction=&#8220;left_to_right&#8220; overlay_strength=&#8220;0.3&#8243; width=&#8220;1\/2&#8243; tablet_width_inherit=&#8220;default&#8220; tablet_text_alignment=&#8220;default&#8220; phone_text_alignment=&#8220;default&#8220; bg_image_animation=&#8220;none&#8220; border_type=&#8220;simple&#8220; column_border_width=&#8220;none&#8220; column_border_style=&#8220;solid&#8220;][vc_column_text]\n<h4>Der er ingen grund til at kigge p\u00e5 tomme v\u00e6gge, n\u00e5r du kan give dem liv med dine personlige dekorationer og bevaringsv\u00e6rdige \u00f8jeblikke.<\/h4>\n[\/vc_column_text][\/vc_column][vc_column column_padding=&#8220;no-extra-padding&#8220; column_padding_tablet=&#8220;inherit&#8220; column_padding_phone=&#8220;inherit&#8220; column_padding_position=&#8220;all&#8220; column_element_spacing=&#8220;default&#8220; background_color_opacity=&#8220;1&#8243; background_hover_color_opacity=&#8220;1&#8243; column_shadow=&#8220;none&#8220; column_border_radius=&#8220;none&#8220; column_link_target=&#8220;_self&#8220; gradient_direction=&#8220;left_to_right&#8220; overlay_strength=&#8220;0.3&#8243; width=&#8220;1\/2&#8243; tablet_width_inherit=&#8220;default&#8220; tablet_text_alignment=&#8220;default&#8220; phone_text_alignment=&#8220;default&#8220; bg_image_animation=&#8220;none&#8220; border_type=&#8220;simple&#8220; column_border_width=&#8220;none&#8220; column_border_style=&#8220;solid&#8220;][vc_column_text]I vores Still-kollektion finder du en masse l\u00e6kkerier, der kan h\u00e6nges op p\u00e5 v\u00e6ggen og b\u00e5de fange opm\u00e6rksomheden og skabe overblik. Sortimentet rummer blandt andet fotorammer, billeder, ure, spejle, opslagstavler \u2013 og meget andet. Lige nu er et godt tidspunkt at f\u00e5 en smuk udsigt til alt det, der bev\u00e6ger og interesserer dig.[\/vc_column_text][\/vc_column][\/vc_row][vc_row type=&#8220;full_width_background&#8220; full_screen_row_position=&#8220;middle&#8220; column_margin=&#8220;default&#8220; column_direction=&#8220;default&#8220; column_direction_tablet=&#8220;default&#8220; column_direction_phone=&#8220;default&#8220; scene_position=&#8220;center&#8220; bottom_padding=&#8220;5%&#8220; text_color=&#8220;dark&#8220; text_align=&#8220;left&#8220; row_border_radius=&#8220;none&#8220; row_border_radius_applies=&#8220;bg&#8220; overlay_strength=&#8220;0.3&#8243; gradient_direction=&#8220;left_to_right&#8220; shape_divider_position=&#8220;bottom&#8220; bg_image_animation=&#8220;none&#8220; shape_type=&#8220;&#8220;][vc_column column_padding=&#8220;no-extra-padding&#8220; column_padding_tablet=&#8220;inherit&#8220; column_padding_phone=&#8220;inherit&#8220; column_padding_position=&#8220;all&#8220; column_element_spacing=&#8220;default&#8220; background_color_opacity=&#8220;1&#8243; background_hover_color_opacity=&#8220;1&#8243; column_shadow=&#8220;none&#8220; column_border_radius=&#8220;none&#8220; column_link_target=&#8220;_self&#8220; gradient_direction=&#8220;left_to_right&#8220; overlay_strength=&#8220;0.3&#8243; width=&#8220;1\/1&#8243; tablet_width_inherit=&#8220;default&#8220; tablet_text_alignment=&#8220;default&#8220; phone_text_alignment=&#8220;default&#8220; bg_image_animation=&#8220;none&#8220; border_type=&#8220;simple&#8220; column_border_width=&#8220;none&#8220; column_border_style=&#8220;solid&#8220;][vc_gallery type=&#8220;flickity_static_height_style&#8220; images=&#8220;5835,5838,5841,5844,5850,5847&#8243; flickity_spacing=&#8220;10px&#8220; flickity_controls=&#8220;next_prev_arrows_overlaid&#8220; flickity_overflow=&#8220;hidden&#8220; flickity_wrap_around=&#8220;wrap&#8220; flickity_box_shadow=&#8220;none&#8220; image_loading=&#8220;default&#8220; onclick=&#8220;link_image&#8220; flickity_img_height=&#8220;500&#8243;][\/vc_column][\/vc_row]\n","protected":false},"excerpt":{"rendered":"<p>[vc_row type=&#8220;full_width_background&#8220; full_screen_row_position=&#8220;middle&#8220; column_margin=&#8220;none&#8220; column_direction=&#8220;default&#8220; column_direction_tablet=&#8220;default&#8220; column_direction_phone=&#8220;default&#8220; bg_color=&#8220;#ffffff&#8220; bg_image=&#8220;6061&#8243; bg_position=&#8220;left bottom&#8220; background_image_loading=&#8220;default&#8220; bg_repeat=&#8220;no-repeat&#8220; scene_position=&#8220;center&#8220; top_padding=&#8220;10%&#8220; bottom_padding=&#8220;10%&#8220; top_padding_tablet=&#8220;30%&#8220; constrain_group_3=&#8220;yes&#8220; bottom_padding_tablet=&#8220;30%&#8220; top_padding_phone=&#8220;40%&#8220; constrain_group_5=&#8220;yes&#8220; bottom_padding_phone=&#8220;40%&#8220; text_color=&#8220;custom&#8220; text_align=&#8220;left&#8220; row_border_radius=&#8220;none&#8220; row_border_radius_applies=&#8220;bg&#8220; enable_gradient=&#8220;true&#8220; overlay_strength=&#8220;0.5&#8243; gradient_direction=&#8220;top_to_bottom&#8220; shape_divider_color=&#8220;#ffffff&#8220; shape_divider_position=&#8220;bottom&#8220; shape_divider_height=&#8220;45%&#8220; bg_image_animation=&#8220;zoom-out&#8220; parallax_bg=&#8220;true&#8220; parallax_bg_speed=&#8220;fast&#8220; shape_type=&#8220;straight_section&#8220;][vc_column column_padding=&#8220;no-extra-padding&#8220; column_padding_tablet=&#8220;inherit&#8220; column_padding_phone=&#8220;inherit&#8220; column_padding_position=&#8220;all&#8220;&#8230;<\/p>\n","protected":false},"author":7,"featured_media":0,"parent":2113,"menu_order":0,"comment_status":"closed","ping_status":"closed","template":"","meta":{"footnotes":""},"class_list":["post-6242","page","type-page","status-publish"],"yoast_head":"<!-- This site is optimized with the Yoast SEO plugin v18.2 - https:\/\/yoast.com\/wordpress\/plugins\/seo\/ -->\r\n<title>Still - F&amp;H Group<\/title>\r\n<meta name=\"robots\" content=\"index, follow, max-snippet:-1, max-image-preview:large, max-video-preview:-1\" \/>\r\n<link rel=\"canonical\" href=\"https:\/\/fh-group.dk\/de\/marken\/still\/\" \/>\r\n<meta property=\"og:locale\" content=\"de_DE\" \/>\r\n<meta property=\"og:type\" content=\"article\" \/>\r\n<meta property=\"og:title\" content=\"Still - F&amp;H Group\" \/>\r\n<meta property=\"og:description\" content=\"[vc_row type=&#8220;full_width_background&#8220; full_screen_row_position=&#8220;middle&#8220; column_margin=&#8220;none&#8220; column_direction=&#8220;default&#8220; column_direction_tablet=&#8220;default&#8220; column_direction_phone=&#8220;default&#8220; bg_color=&#8220;#ffffff&#8220; bg_image=&#8220;6061&#8243; bg_position=&#8220;left bottom&#8220; background_image_loading=&#8220;default&#8220; bg_repeat=&#8220;no-repeat&#8220; scene_position=&#8220;center&#8220; top_padding=&#8220;10%&#8220; bottom_padding=&#8220;10%&#8220; top_padding_tablet=&#8220;30%&#8220; constrain_group_3=&#8220;yes&#8220; bottom_padding_tablet=&#8220;30%&#8220; top_padding_phone=&#8220;40%&#8220; constrain_group_5=&#8220;yes&#8220; bottom_padding_phone=&#8220;40%&#8220; text_color=&#8220;custom&#8220; text_align=&#8220;left&#8220; row_border_radius=&#8220;none&#8220; row_border_radius_applies=&#8220;bg&#8220; enable_gradient=&#8220;true&#8220; overlay_strength=&#8220;0.5&#8243; gradient_direction=&#8220;top_to_bottom&#8220; shape_divider_color=&#8220;#ffffff&#8220; shape_divider_position=&#8220;bottom&#8220; shape_divider_height=&#8220;45%&#8220; bg_image_animation=&#8220;zoom-out&#8220; parallax_bg=&#8220;true&#8220; parallax_bg_speed=&#8220;fast&#8220; shape_type=&#8220;straight_section&#8220;][vc_column column_padding=&#8220;no-extra-padding&#8220; column_padding_tablet=&#8220;inherit&#8220; column_padding_phone=&#8220;inherit&#8220; column_padding_position=&#8220;all&#8220;...\" \/>\r\n<meta property=\"og:url\" content=\"https:\/\/fh-group.dk\/de\/marken\/still\/\" \/>\r\n<meta property=\"og:site_name\" content=\"F&amp;H Group\" \/>\r\n<meta property=\"og:image\" content=\"http:\/\/villacollectiondesign.azurewebsites.net\/wp-content\/uploads\/fh-facebook-image.png\" \/>\r\n\t<meta property=\"og:image:width\" content=\"400\" \/>\r\n\t<meta property=\"og:image:height\" content=\"400\" \/>\r\n\t<meta property=\"og:image:type\" content=\"image\/png\" \/>\r\n<meta name=\"twitter:card\" content=\"summary_large_image\" \/>\r\n<meta name=\"twitter:label1\" content=\"Gesch\u00e4tzte Lesezeit\" \/>\n\t<meta name=\"twitter:data1\" content=\"4\u00a0Minuten\" \/>\r\n<script type=\"application\/ld+json\" class=\"yoast-schema-graph\">{\"@context\":\"https:\/\/schema.org\",\"@graph\":[{\"@type\":\"WebSite\",\"@id\":\"https:\/\/fh-group.dk\/#website\",\"url\":\"https:\/\/fh-group.dk\/\",\"name\":\"F&amp;H Group\",\"description\":\"A global brand house in Kitchen Living Dining\",\"potentialAction\":[{\"@type\":\"SearchAction\",\"target\":{\"@type\":\"EntryPoint\",\"urlTemplate\":\"https:\/\/fh-group.dk\/?s={search_term_string}\"},\"query-input\":\"required name=search_term_string\"}],\"inLanguage\":\"de\"},{\"@type\":\"WebPage\",\"@id\":\"https:\/\/fh-group.dk\/de\/marken\/still\/#webpage\",\"url\":\"https:\/\/fh-group.dk\/de\/marken\/still\/\",\"name\":\"Still - F&amp;H Group\",\"isPartOf\":{\"@id\":\"https:\/\/fh-group.dk\/#website\"},\"datePublished\":\"2022-03-18T10:03:44+00:00\",\"dateModified\":\"2022-03-18T10:03:44+00:00\",\"breadcrumb\":{\"@id\":\"https:\/\/fh-group.dk\/de\/marken\/still\/#breadcrumb\"},\"inLanguage\":\"de\",\"potentialAction\":[{\"@type\":\"ReadAction\",\"target\":[\"https:\/\/fh-group.dk\/de\/marken\/still\/\"]}]},{\"@type\":\"BreadcrumbList\",\"@id\":\"https:\/\/fh-group.dk\/de\/marken\/still\/#breadcrumb\",\"itemListElement\":[{\"@type\":\"ListItem\",\"position\":1,\"name\":\"Marken\",\"item\":\"https:\/\/fh-group.dk\/de\/marken\/\"},{\"@type\":\"ListItem\",\"position\":2,\"name\":\"Still\"}]}]}<\/script>\r\n<!-- \/ Yoast SEO plugin. -->","yoast_head_json":{"title":"Still - F&amp;H Group","robots":{"index":"index","follow":"follow","max-snippet":"max-snippet:-1","max-image-preview":"max-image-preview:large","max-video-preview":"max-video-preview:-1"},"canonical":"https:\/\/fh-group.dk\/de\/marken\/still\/","og_locale":"de_DE","og_type":"article","og_title":"Still - F&amp;H Group","og_description":"[vc_row type=&#8220;full_width_background&#8220; full_screen_row_position=&#8220;middle&#8220; column_margin=&#8220;none&#8220; column_direction=&#8220;default&#8220; column_direction_tablet=&#8220;default&#8220; column_direction_phone=&#8220;default&#8220; bg_color=&#8220;#ffffff&#8220; bg_image=&#8220;6061&#8243; bg_position=&#8220;left bottom&#8220; background_image_loading=&#8220;default&#8220; bg_repeat=&#8220;no-repeat&#8220; scene_position=&#8220;center&#8220; top_padding=&#8220;10%&#8220; bottom_padding=&#8220;10%&#8220; top_padding_tablet=&#8220;30%&#8220; constrain_group_3=&#8220;yes&#8220; bottom_padding_tablet=&#8220;30%&#8220; top_padding_phone=&#8220;40%&#8220; constrain_group_5=&#8220;yes&#8220; bottom_padding_phone=&#8220;40%&#8220; text_color=&#8220;custom&#8220; text_align=&#8220;left&#8220; row_border_radius=&#8220;none&#8220; row_border_radius_applies=&#8220;bg&#8220; enable_gradient=&#8220;true&#8220; overlay_strength=&#8220;0.5&#8243; gradient_direction=&#8220;top_to_bottom&#8220; shape_divider_color=&#8220;#ffffff&#8220; shape_divider_position=&#8220;bottom&#8220; shape_divider_height=&#8220;45%&#8220; bg_image_animation=&#8220;zoom-out&#8220; parallax_bg=&#8220;true&#8220; parallax_bg_speed=&#8220;fast&#8220; shape_type=&#8220;straight_section&#8220;][vc_column column_padding=&#8220;no-extra-padding&#8220; column_padding_tablet=&#8220;inherit&#8220; column_padding_phone=&#8220;inherit&#8220; column_padding_position=&#8220;all&#8220;...","og_url":"https:\/\/fh-group.dk\/de\/marken\/still\/","og_site_name":"F&amp;H Group","og_image":[{"width":400,"height":400,"url":"http:\/\/villacollectiondesign.azurewebsites.net\/wp-content\/uploads\/fh-facebook-image.png","type":"image\/png"}],"twitter_card":"summary_large_image","twitter_misc":{"Gesch\u00e4tzte Lesezeit":"4\u00a0Minuten"},"schema":{"@context":"https:\/\/schema.org","@graph":[{"@type":"WebSite","@id":"https:\/\/fh-group.dk\/#website","url":"https:\/\/fh-group.dk\/","name":"F&amp;H Group","description":"A global brand house in Kitchen Living Dining","potentialAction":[{"@type":"SearchAction","target":{"@type":"EntryPoint","urlTemplate":"https:\/\/fh-group.dk\/?s={search_term_string}"},"query-input":"required name=search_term_string"}],"inLanguage":"de"},{"@type":"WebPage","@id":"https:\/\/fh-group.dk\/de\/marken\/still\/#webpage","url":"https:\/\/fh-group.dk\/de\/marken\/still\/","name":"Still - F&amp;H Group","isPartOf":{"@id":"https:\/\/fh-group.dk\/#website"},"datePublished":"2022-03-18T10:03:44+00:00","dateModified":"2022-03-18T10:03:44+00:00","breadcrumb":{"@id":"https:\/\/fh-group.dk\/de\/marken\/still\/#breadcrumb"},"inLanguage":"de","potentialAction":[{"@type":"ReadAction","target":["https:\/\/fh-group.dk\/de\/marken\/still\/"]}]},{"@type":"BreadcrumbList","@id":"https:\/\/fh-group.dk\/de\/marken\/still\/#breadcrumb","itemListElement":[{"@type":"ListItem","position":1,"name":"Marken","item":"https:\/\/fh-group.dk\/de\/marken\/"},{"@type":"ListItem","position":2,"name":"Still"}]}]}},"_links":{"self":[{"href":"http:\/\/villacollectiondesign.azurewebsites.net\/de\/wp-json\/wp\/v2\/pages\/6242","targetHints":{"allow":["GET"]}}],"collection":[{"href":"http:\/\/villacollectiondesign.azurewebsites.net\/de\/wp-json\/wp\/v2\/pages"}],"about":[{"href":"http:\/\/villacollectiondesign.azurewebsites.net\/de\/wp-json\/wp\/v2\/types\/page"}],"author":[{"embeddable":true,"href":"http:\/\/villacollectiondesign.azurewebsites.net\/de\/wp-json\/wp\/v2\/users\/7"}],"replies":[{"embeddable":true,"href":"http:\/\/villacollectiondesign.azurewebsites.net\/de\/wp-json\/wp\/v2\/comments?post=6242"}],"version-history":[{"count":1,"href":"http:\/\/villacollectiondesign.azurewebsites.net\/de\/wp-json\/wp\/v2\/pages\/6242\/revisions"}],"predecessor-version":[{"id":6243,"href":"http:\/\/villacollectiondesign.azurewebsites.net\/de\/wp-json\/wp\/v2\/pages\/6242\/revisions\/6243"}],"up":[{"embeddable":true,"href":"http:\/\/villacollectiondesign.azurewebsites.net\/de\/wp-json\/wp\/v2\/pages\/2113"}],"wp:attachment":[{"href":"http:\/\/villacollectiondesign.azurewebsites.net\/de\/wp-json\/wp\/v2\/media?parent=6242"}],"curies":[{"name":"wp","href":"https:\/\/api.w.org\/{rel}","templated":true}]}}